{"id":6644,"date":"2021-10-04T13:35:24","date_gmt":"2021-10-04T12:35:24","guid":{"rendered":"https:\/\/roche-blanche-ecole.fr\/?page_id=6644"},"modified":"2025-01-17T16:02:42","modified_gmt":"2025-01-17T15:02:42","slug":"agenda","status":"publish","type":"page","link":"https:\/\/roche-blanche-ecole.fr\/?page_id=6644","title":{"rendered":"Agenda"},"content":{"rendered":"<ul>\n<li><span style=\"color: #000000;\"><span style=\"font-family: Comic Sans MS, sans-serif;\"><span style=\"font-size: large;\"><i>Vendredi 11 octobre (matin) : photos scolaires<\/i><\/span><\/span><\/span><\/li>\n<li><span style=\"color: #000000;\"><span style=\"font-family: Comic Sans MS, sans-serif;\"><span style=\"font-size: large;\"><i>Samedi 28 septembre : Marche Gourmande<\/i><\/span><\/span><\/span><\/li>\n<li><span style=\"color: #000000;\"><span style=\"font-family: Comic Sans MS, sans-serif;\"><span style=\"font-size: large;\"><i><b>Samedi 12 octobre : matin\u00e9e \u00e9cole \/ assembl\u00e9es g\u00e9n\u00e9rales Ogec et Apel (9h\/12h) &#8211; Temps scolaire obligatoire<\/b><\/i><\/span><\/span><\/span><\/li>\n<li><span style=\"color: #000000;\"><span style=\"font-family: Comic Sans MS, sans-serif;\"><span style=\"font-size: large;\"><i>Vendredi 18 octobre : Cross coll\u00e8ge CM2<\/i><\/span><\/span><\/span><\/li>\n<li><span style=\"color: #000000;\"><span style=\"font-family: Comic Sans MS, sans-serif;\"><span style=\"font-size: large;\"><i>Dimanche 8 d\u00e9cembre&nbsp;: Arbre de No\u00ebl<\/i><\/span><\/span><\/span><\/li>\n<li><span style=\"color: #000000;\"><span style=\"font-family: Comic Sans MS, sans-serif;\"><span style=\"font-size: large;\"><i>Vendredi 20 d\u00e9cembre (matin)&nbsp;: C\u00e9l\u00e9bration de No\u00ebl<\/i><\/span><\/span><\/span><\/li>\n<li><span style=\"color: #000000;\"><span style=\"font-family: Comic Sans MS, sans-serif;\"><span style=\"font-size: large;\"><i>Mardi 4 mars&nbsp;: d\u00e9fil\u00e9 Mardi Gras<\/i><\/span><\/span><\/span><\/li>\n<li><span style=\"color: #000000;\"><span style=\"font-family: Comic Sans MS, sans-serif;\"><span style=\"font-size: large;\"><i>Vendredi 14 mars&nbsp;: visite de Tutelle<\/i><\/span><\/span><\/span><\/li>\n<li><span style=\"color: #000000;\"><span style=\"font-family: Comic Sans MS, sans-serif;\"><span style=\"font-size: large;\"><i>Mardi 22 avril (matin)&nbsp;: C\u00e9l\u00e9bration de P\u00e2ques<\/i><\/span><\/span><\/span><\/li>\n<li><span style=\"color: #000000;\"><span style=\"font-family: Comic Sans MS, sans-serif;\"><span style=\"font-size: large;\"><i><b>Samedi 26 avril (9h \u00e0 12h) : course parrain\u00e9e solidaire \u00ab Courons Marchons Partageons \u00bb&nbsp; &#8211; Temps scolaire obligatoire<\/b><\/i><\/span><\/span><\/span><\/li>\n<li><span style=\"color: #000000;\"><span style=\"font-family: Comic Sans MS, sans-serif;\"><span style=\"font-size: large;\"><i><u>Vendredi 9 mai : pont (les enfants n\u2019auront pas \u00e9cole)<\/u><\/i><\/span><\/span><\/span><\/li>\n<li><span style=\"color: #000000;\"><span style=\"font-family: Comic Sans MS, sans-serif;\"><span style=\"font-size: large;\"><i>Vendredi 16 juin (18h \u00e0 20h)&nbsp;: F\u00eate du projet&nbsp;<\/i><\/span><\/span><\/span><\/li>\n<li><span style=\"color: #000000;\"><span style=\"font-family: Comic Sans MS, sans-serif;\"><span style=\"font-size: large;\"><i><u>Vendredi 30 mai : Pont Ascension (les enfants n\u2019auront pas d\u2019\u00e9cole)<\/u><\/i><\/span><\/span><\/span><\/li>\n<li><span style=\"color: #000000;\"><span style=\"font-family: Comic Sans MS, sans-serif;\"><span style=\"font-size: large;\"><i>Vendredi 6 juin&nbsp;: Concert \u201cCl\u00e9 des Chants\u201d \u00e0 la salle de la Charbonni\u00e8re d\u2019Ancenis<\/i><\/span><\/span><\/span><\/li>\n<li><span style=\"color: #000000;\"><span style=\"font-family: Comic Sans MS, sans-serif;\"><span style=\"font-size: large;\"><i>Samedi 28 juin : Kermesse<\/i><\/span><\/span><\/span><\/li>\n<\/ul>\n<p>&nbsp;<\/p>\n<p align=\"center\"><span style=\"color: #000000;\"><span style=\"font-family: Comic Sans MS, sans-serif;\"><span style=\"font-size: large;\"><u><b>MATIN\u00c9ES TRAVAUX<\/b><\/u><\/span><\/span><\/span><\/p>\n<p align=\"center\"><span style=\"color: #000000;\"><span style=\"font-family: Comic Sans MS, sans-serif;\"><span style=\"font-size: medium;\"><i><b>19 octobre, 21 d\u00e9cembre, 8 f\u00e9vrier, 5 avril et 5 juillet<\/b><\/i><\/span><\/span><\/span><\/p>\n","protected":false},"excerpt":{"rendered":"<p>Vendredi 11 octobre (matin) : photos scolaires Samedi 28 septembre : Marche Gourmande Samedi 12 octobre : matin\u00e9e \u00e9cole \/ assembl\u00e9es g\u00e9n\u00e9rales Ogec et Apel (9h\/12h) &#8211; Temps scolaire obligatoire Vendredi 18 octobre : Cross coll\u00e8ge CM2 Dimanche 8 d\u00e9cembre&nbsp;: Arbre de No\u00ebl Vendredi 20 d\u00e9cembre (matin)&nbsp;: C\u00e9l\u00e9bration de No\u00ebl Mardi 4 mars&nbsp;: d\u00e9fil\u00e9 Mardi<\/p>\n<p><a href=\"https:\/\/roche-blanche-ecole.fr\/?page_id=6644\" class=\"more-link themebutton\">Read More<\/a><\/p>\n","protected":false},"author":10,"featured_media":0,"parent":0,"menu_order":0,"comment_status":"closed","ping_status":"closed","template":"","meta":{"ngg_post_thumbnail":0,"jetpack_post_was_ever_published":false,"footnotes":""},"jetpack_sharing_enabled":true,"jetpack_shortlink":"https:\/\/wp.me\/P9Fz6b-1Ja","_links":{"self":[{"href":"https:\/\/roche-blanche-ecole.fr\/index.php?rest_route=\/wp\/v2\/pages\/6644"}],"collection":[{"href":"https:\/\/roche-blanche-ecole.fr\/index.php?rest_route=\/wp\/v2\/pages"}],"about":[{"href":"https:\/\/roche-blanche-ecole.fr\/index.php?rest_route=\/wp\/v2\/types\/page"}],"author":[{"embeddable":true,"href":"https:\/\/roche-blanche-ecole.fr\/index.php?rest_route=\/wp\/v2\/users\/10"}],"replies":[{"embeddable":true,"href":"https:\/\/roche-blanche-ecole.fr\/index.php?rest_route=%2Fwp%2Fv2%2Fcomments&post=6644"}],"version-history":[{"count":9,"href":"https:\/\/roche-blanche-ecole.fr\/index.php?rest_route=\/wp\/v2\/pages\/6644\/revisions"}],"predecessor-version":[{"id":7985,"href":"https:\/\/roche-blanche-ecole.fr\/index.php?rest_route=\/wp\/v2\/pages\/6644\/revisions\/7985"}],"wp:attachment":[{"href":"https:\/\/roche-blanche-ecole.fr\/index.php?rest_route=%2Fwp%2Fv2%2Fmedia&parent=6644"}],"curies":[{"name":"wp","href":"https:\/\/api.w.org\/{rel}","templated":true}]}}