{"id":249,"date":"2015-06-22T08:49:59","date_gmt":"2015-06-22T07:49:59","guid":{"rendered":"https:\/\/roche-blanche-ecole.fr\/?page_id=249"},"modified":"2015-06-22T08:55:40","modified_gmt":"2015-06-22T07:55:40","slug":"voyage-cm-2016","status":"publish","type":"page","link":"https:\/\/roche-blanche-ecole.fr\/?page_id=249","title":{"rendered":"Voyage CM 2016"},"content":{"rendered":"<p>Du 25 au 30 janvier 2016, les \u00e9l\u00e8ves de CM1-CM2 d\u00e9couvriront la montagne lors du voyage scolaire .<\/p>\n<p>Voici quelques informations utiles :<\/p>\n<p><a href=\"http:\/\/mourtis.fr\/guide-station\/presentation-de-la-station\/\">http:\/\/mourtis.fr\/guide-station\/presentation-de-la-station\/<\/a><\/p>\n<p>Le planning de la semaine et le trousseau du voyage : (PDF ci-dessous)<\/p>\n<p>[gview file=\u00a0\u00bbhttps:\/\/roche-blanche-ecole.fr\/wp-content\/uploads\/2015\/06\/planning-semaine.pdf\u00a0\u00bb]<\/p>\n<p>&nbsp;<\/p>\n<p>[gview file=\u00a0\u00bbhttps:\/\/roche-blanche-ecole.fr\/wp-content\/uploads\/2015\/06\/TROUSSEAU-ski.pdf\u00a0\u00bb]<\/p>\n<p>&nbsp;<\/p>\n<p>&nbsp;<\/p>\n","protected":false},"excerpt":{"rendered":"<p>Du 25 au 30 janvier 2016, les \u00e9l\u00e8ves de CM1-CM2 d\u00e9couvriront la montagne lors du voyage scolaire . Voici quelques informations utiles : http:\/\/mourtis.fr\/guide-station\/presentation-de-la-station\/ Le planning de la semaine et le trousseau du voyage : (PDF ci-dessous) [gview file=\u00a0\u00bbhttps:\/\/roche-blanche-ecole.fr\/wp-content\/uploads\/2015\/06\/planning-semaine.pdf\u00a0\u00bb] &nbsp; [gview file=\u00a0\u00bbhttps:\/\/roche-blanche-ecole.fr\/wp-content\/uploads\/2015\/06\/TROUSSEAU-ski.pdf\u00a0\u00bb] &nbsp; &nbsp;<\/p>\n","protected":false},"author":2,"featured_media":0,"parent":0,"menu_order":0,"comment_status":"closed","ping_status":"closed","template":"","meta":{"ngg_post_thumbnail":0,"jetpack_post_was_ever_published":false,"footnotes":""},"jetpack_sharing_enabled":true,"jetpack_shortlink":"https:\/\/wp.me\/P9Fz6b-41","_links":{"self":[{"href":"https:\/\/roche-blanche-ecole.fr\/index.php?rest_route=\/wp\/v2\/pages\/249"}],"collection":[{"href":"https:\/\/roche-blanche-ecole.fr\/index.php?rest_route=\/wp\/v2\/pages"}],"about":[{"href":"https:\/\/roche-blanche-ecole.fr\/index.php?rest_route=\/wp\/v2\/types\/page"}],"author":[{"embeddable":true,"href":"https:\/\/roche-blanche-ecole.fr\/index.php?rest_route=\/wp\/v2\/users\/2"}],"replies":[{"embeddable":true,"href":"https:\/\/roche-blanche-ecole.fr\/index.php?rest_route=%2Fwp%2Fv2%2Fcomments&post=249"}],"version-history":[{"count":0,"href":"https:\/\/roche-blanche-ecole.fr\/index.php?rest_route=\/wp\/v2\/pages\/249\/revisions"}],"wp:attachment":[{"href":"https:\/\/roche-blanche-ecole.fr\/index.php?rest_route=%2Fwp%2Fv2%2Fmedia&parent=249"}],"curies":[{"name":"wp","href":"https:\/\/api.w.org\/{rel}","templated":true}]}}