{"id":2,"date":"2015-04-02T12:35:47","date_gmt":"2015-04-02T11:35:47","guid":{"rendered":"https:\/\/roche-blanche-ecole.fr\/?page_id=2"},"modified":"2025-01-17T16:24:00","modified_gmt":"2025-01-17T15:24:00","slug":"page-d-exemple","status":"publish","type":"page","link":"https:\/\/roche-blanche-ecole.fr\/","title":{"rendered":"Accueil"},"content":{"rendered":"<div id=\"pl-2\"  class=\"panel-layout\" ><div id=\"pg-2-0\"  class=\"panel-grid panel-no-style\" ><div id=\"pgc-2-0-0\"  class=\"panel-grid-cell panel-grid-cell-empty\" ><\/div><div id=\"pgc-2-0-1\"  class=\"panel-grid-cell panel-grid-cell-mobile-last\" ><div id=\"panel-2-0-1-0\" class=\"so-panel widget widget_text panel-first-child panel-last-child\" data-index=\"0\" ><h3 class=\"widget-title\">Inscriptions<\/h3>\t\t\t<div class=\"textwidget\"><p><a href=\"https:\/\/roche-blanche-ecole.fr\/?attachment_id=7971#main\" rel=\"attachment wp-att-7971\"><img loading=\"lazy\" decoding=\"async\" class=\"alignnone size-medium wp-image-7971\" src=\"https:\/\/roche-blanche-ecole.fr\/wp-content\/uploads\/2024\/12\/Affiche-evenement-journee-portes-ouvertes-ecole-illustratif-212x300.jpg\" alt=\"\" width=\"212\" height=\"300\" srcset=\"https:\/\/roche-blanche-ecole.fr\/wp-content\/uploads\/2024\/12\/Affiche-evenement-journee-portes-ouvertes-ecole-illustratif-212x300.jpg 212w, https:\/\/roche-blanche-ecole.fr\/wp-content\/uploads\/2024\/12\/Affiche-evenement-journee-portes-ouvertes-ecole-illustratif-724x1024.jpg 724w, https:\/\/roche-blanche-ecole.fr\/wp-content\/uploads\/2024\/12\/Affiche-evenement-journee-portes-ouvertes-ecole-illustratif-768x1086.jpg 768w, https:\/\/roche-blanche-ecole.fr\/wp-content\/uploads\/2024\/12\/Affiche-evenement-journee-portes-ouvertes-ecole-illustratif-1086x1536.jpg 1086w, https:\/\/roche-blanche-ecole.fr\/wp-content\/uploads\/2024\/12\/Affiche-evenement-journee-portes-ouvertes-ecole-illustratif-1448x2048.jpg 1448w, https:\/\/roche-blanche-ecole.fr\/wp-content\/uploads\/2024\/12\/Affiche-evenement-journee-portes-ouvertes-ecole-illustratif.jpg 1587w\" sizes=\"(max-width: 212px) 100vw, 212px\" \/><\/a><\/p>\n<\/div>\n\t\t<\/div><\/div><div id=\"pgc-2-0-2\"  class=\"panel-grid-cell panel-grid-cell-empty\" ><\/div><\/div><div id=\"pg-2-1\"  class=\"panel-grid panel-no-style\" ><div id=\"pgc-2-1-0\"  class=\"panel-grid-cell\" ><div id=\"panel-2-1-0-0\" class=\"so-panel widget widget_sow-post-carousel panel-first-child panel-last-child\" data-index=\"1\" ><div\n\t\t\t\n\t\t\tclass=\"so-widget-sow-post-carousel so-widget-sow-post-carousel-base-16185f985534-2\"\n\t\t\t\n\t\t>\t<div\n\t\tclass=\"sow-post-carousel-wrapper sow-post-carousel-theme-base\"\n\t\tstyle=\"overflow: hidden; max-width: 100%; min-height: 182px\"\n\t>\n\t\t<div class=\"sow-carousel-title has-title\">\n\t<h3 class=\"widget-title\">Les derniers articles<\/h3>\t\t<div class=\"sow-carousel-navigation \">\n\t\t\t\t\t\t<a href=\"#\" class=\"sow-carousel-next\" title=\"Suivant\" aria-label=\"Next Posts\" role=\"button\"><\/a>\n\t\t\t\t\t\t<a href=\"#\" class=\"sow-carousel-previous\" title=\"Pr\u00e9c\u00e9dent\" aria-label=\"Previous Posts\" role=\"button\"><\/a>\n\t\t\t\t\t<\/div>\n\t<\/div>\n\n<div class=\"sow-carousel-container \">\n\t\t<div class=\"sow-carousel-wrapper\"\n\t\tdata-dir=\"ltr\"\n\t\tstyle=\"opacity: 0;\"\n\t\tdata-widget=\"post\" data-fetching=\"false\" data-page=\"1\" data-ajax-url=\"https:\/\/roche-blanche-ecole.fr\/wp-admin\/admin-ajax.php?_widgets_nonce=3575acacff\" data-item_count=\"453\" data-carousel_settings=\"{&quot;loop&quot;:true,&quot;animation&quot;:&quot;Ease&quot;,&quot;animation_speed&quot;:400,&quot;autoplay&quot;:&quot;&quot;,&quot;pauseOnHover&quot;:&quot;&quot;,&quot;autoplaySpeed&quot;:8000,&quot;item_overflow&quot;:true,&quot;autoplay_continuous_scroll&quot;:false}\" data-responsive=\"{&quot;desktop_slides_to_scroll&quot;:1,&quot;tablet_landscape_breakpoint&quot;:1366,&quot;tablet_landscape_slides_to_scroll&quot;:2,&quot;tablet_portrait_breakpoint&quot;:1025,&quot;tablet_portrait_slides_to_scroll&quot;:2,&quot;mobile_breakpoint&quot;:480,&quot;mobile_slides_to_scroll&quot;:1}\" data-variable_width=\"true\" \t>\n\t\t<div\n\t\t\tclass=\"sow-carousel-items\"\n\t\t\t\t\t>\n\t\t\t\t<div class=\"sow-carousel-item\" tabindex=\"-1\" style=\"float: left;\">\n\t\t<div class=\"sow-carousel-thumbnail\">\n\t\t\t\t\t\t\t<a\n\t\t\t\t\thref=\"https:\/\/roche-blanche-ecole.fr\/?p=8072\"\n\t\t\t\t\t\t\t\t\t\tstyle=\"background-image: url( https:\/\/roche-blanche-ecole.fr\/wp-content\/uploads\/2026\/02\/Bricolage-pingouin-morse-272x182.jpg )\"\n\t\t\t\t\taria-labelledby=\"sow-carousel-id-8072\"\n\t\t\t\t\ttabindex=\"-1\"\n\t\t\t\t>\n\t\t\t\t\t<span class=\"overlay\"><\/span>\n\t\t\t\t<\/a>\n\t\t\t\t\t<\/div>\n\t\t<h3 class=\"sow-carousel-item-title\">\n\t\t\t<a\n\t\t\t\thref=\"https:\/\/roche-blanche-ecole.fr\/?p=8072\"\n\t\t\t\tid=\"sow-carousel-id-8072\"\n\t\t\t\t\t\t\t\ttabindex=\"-1\"\n\t\t\t>\n\n\t\t\t\tLes animaux de la banquise\t\t\t<\/a>\n\t\t<\/h3>\n\t<\/div>\n\t\t<div class=\"sow-carousel-item\" tabindex=\"-1\" style=\"float: left;\">\n\t\t<div class=\"sow-carousel-thumbnail\">\n\t\t\t\t\t\t\t<a\n\t\t\t\t\thref=\"https:\/\/roche-blanche-ecole.fr\/?p=8067\"\n\t\t\t\t\t\t\t\t\t\tstyle=\"background-image: url( https:\/\/roche-blanche-ecole.fr\/wp-content\/uploads\/2025\/09\/calinours-272x182.jpg )\"\n\t\t\t\t\taria-labelledby=\"sow-carousel-id-8067\"\n\t\t\t\t\ttabindex=\"-1\"\n\t\t\t\t>\n\t\t\t\t\t<span class=\"overlay\"><\/span>\n\t\t\t\t<\/a>\n\t\t\t\t\t<\/div>\n\t\t<h3 class=\"sow-carousel-item-title\">\n\t\t\t<a\n\t\t\t\thref=\"https:\/\/roche-blanche-ecole.fr\/?p=8067\"\n\t\t\t\tid=\"sow-carousel-id-8067\"\n\t\t\t\t\t\t\t\ttabindex=\"-1\"\n\t\t\t>\n\n\t\t\t\tUne nouvelle rentr\u00e9e avec Calinours!\t\t\t<\/a>\n\t\t<\/h3>\n\t<\/div>\n\t\t<div class=\"sow-carousel-item\" tabindex=\"-1\" style=\"float: left;\">\n\t\t<div class=\"sow-carousel-thumbnail\">\n\t\t\t\t\t\t\t<a\n\t\t\t\t\thref=\"https:\/\/roche-blanche-ecole.fr\/?p=8058\"\n\t\t\t\t\t\t\t\t\t\tstyle=\"background-image: url( https:\/\/roche-blanche-ecole.fr\/wp-content\/uploads\/2025\/07\/IMG_20250627_103546-272x182.jpg )\"\n\t\t\t\t\taria-labelledby=\"sow-carousel-id-8058\"\n\t\t\t\t\ttabindex=\"-1\"\n\t\t\t\t>\n\t\t\t\t\t<span class=\"overlay\"><\/span>\n\t\t\t\t<\/a>\n\t\t\t\t\t<\/div>\n\t\t<h3 class=\"sow-carousel-item-title\">\n\t\t\t<a\n\t\t\t\thref=\"https:\/\/roche-blanche-ecole.fr\/?p=8058\"\n\t\t\t\tid=\"sow-carousel-id-8058\"\n\t\t\t\t\t\t\t\ttabindex=\"-1\"\n\t\t\t>\n\n\t\t\t\tLecture d&rsquo;histoires anim\u00e9es\t\t\t<\/a>\n\t\t<\/h3>\n\t<\/div>\n\t\t<div class=\"sow-carousel-item\" tabindex=\"-1\" style=\"float: left;\">\n\t\t<div class=\"sow-carousel-thumbnail\">\n\t\t\t\t\t\t\t<a\n\t\t\t\t\thref=\"https:\/\/roche-blanche-ecole.fr\/?p=8050\"\n\t\t\t\t\t\t\t\t\t\tstyle=\"background-image: url( https:\/\/roche-blanche-ecole.fr\/wp-content\/uploads\/2025\/05\/IMG_20250425_101450-272x182.jpg )\"\n\t\t\t\t\taria-labelledby=\"sow-carousel-id-8050\"\n\t\t\t\t\ttabindex=\"-1\"\n\t\t\t\t>\n\t\t\t\t\t<span class=\"overlay\"><\/span>\n\t\t\t\t<\/a>\n\t\t\t\t\t<\/div>\n\t\t<h3 class=\"sow-carousel-item-title\">\n\t\t\t<a\n\t\t\t\thref=\"https:\/\/roche-blanche-ecole.fr\/?p=8050\"\n\t\t\t\tid=\"sow-carousel-id-8050\"\n\t\t\t\t\t\t\t\ttabindex=\"-1\"\n\t\t\t>\n\n\t\t\t\tVisite d&rsquo;une caserne de pompiers\t\t\t<\/a>\n\t\t<\/h3>\n\t<\/div>\n\t\t<div class=\"sow-carousel-item\" tabindex=\"-1\" style=\"float: left;\">\n\t\t<div class=\"sow-carousel-thumbnail\">\n\t\t\t\t\t\t\t<a\n\t\t\t\t\thref=\"https:\/\/roche-blanche-ecole.fr\/?p=8012\"\n\t\t\t\t\t\t\t\t\t\tstyle=\"background-image: url( https:\/\/roche-blanche-ecole.fr\/wp-content\/uploads\/2025\/04\/1745414666635-272x182.jpg )\"\n\t\t\t\t\taria-labelledby=\"sow-carousel-id-8012\"\n\t\t\t\t\ttabindex=\"-1\"\n\t\t\t\t>\n\t\t\t\t\t<span class=\"overlay\"><\/span>\n\t\t\t\t<\/a>\n\t\t\t\t\t<\/div>\n\t\t<h3 class=\"sow-carousel-item-title\">\n\t\t\t<a\n\t\t\t\thref=\"https:\/\/roche-blanche-ecole.fr\/?p=8012\"\n\t\t\t\tid=\"sow-carousel-id-8012\"\n\t\t\t\t\t\t\t\ttabindex=\"-1\"\n\t\t\t>\n\n\t\t\t\tC\u00e9l\u00e9bration de P\u00e2ques autour de la lumi\u00e8re\t\t\t<\/a>\n\t\t<\/h3>\n\t<\/div>\n\t\t<div class=\"sow-carousel-item\" tabindex=\"-1\" style=\"float: left;\">\n\t\t<div class=\"sow-carousel-thumbnail\">\n\t\t\t\t\t\t\t<a\n\t\t\t\t\thref=\"https:\/\/roche-blanche-ecole.fr\/?p=8001\"\n\t\t\t\t\t\t\t\t\t\tstyle=\"background-image: url( https:\/\/roche-blanche-ecole.fr\/wp-content\/uploads\/2025\/03\/IMG_20250312_144137-272x182.jpg )\"\n\t\t\t\t\taria-labelledby=\"sow-carousel-id-8001\"\n\t\t\t\t\ttabindex=\"-1\"\n\t\t\t\t>\n\t\t\t\t\t<span class=\"overlay\"><\/span>\n\t\t\t\t<\/a>\n\t\t\t\t\t<\/div>\n\t\t<h3 class=\"sow-carousel-item-title\">\n\t\t\t<a\n\t\t\t\thref=\"https:\/\/roche-blanche-ecole.fr\/?p=8001\"\n\t\t\t\tid=\"sow-carousel-id-8001\"\n\t\t\t\t\t\t\t\ttabindex=\"-1\"\n\t\t\t>\n\n\t\t\t\tComptine invent\u00e9e pour le carnaval!\t\t\t<\/a>\n\t\t<\/h3>\n\t<\/div>\n\t\t<div class=\"sow-carousel-item\" tabindex=\"-1\" style=\"float: left;\">\n\t\t<div class=\"sow-carousel-thumbnail\">\n\t\t\t\t\t\t\t<a\n\t\t\t\t\thref=\"https:\/\/roche-blanche-ecole.fr\/?p=7994\"\n\t\t\t\t\t\t\t\t\t\tstyle=\"background-image: url( https:\/\/roche-blanche-ecole.fr\/wp-content\/uploads\/2025\/03\/IMG_20250306_101952-272x182.jpg )\"\n\t\t\t\t\taria-labelledby=\"sow-carousel-id-7994\"\n\t\t\t\t\ttabindex=\"-1\"\n\t\t\t\t>\n\t\t\t\t\t<span class=\"overlay\"><\/span>\n\t\t\t\t<\/a>\n\t\t\t\t\t<\/div>\n\t\t<h3 class=\"sow-carousel-item-title\">\n\t\t\t<a\n\t\t\t\thref=\"https:\/\/roche-blanche-ecole.fr\/?p=7994\"\n\t\t\t\tid=\"sow-carousel-id-7994\"\n\t\t\t\t\t\t\t\ttabindex=\"-1\"\n\t\t\t>\n\n\t\t\t\tEcole dehors pour les TPS\/PS\/MS\t\t\t<\/a>\n\t\t<\/h3>\n\t<\/div>\n\t\t<div class=\"sow-carousel-item\" tabindex=\"-1\" style=\"float: left;\">\n\t\t<div class=\"sow-carousel-thumbnail\">\n\t\t\t\t\t\t\t<a\n\t\t\t\t\thref=\"https:\/\/roche-blanche-ecole.fr\/?p=7975\"\n\t\t\t\t\t\t\t\t\t\tstyle=\"background-image: url( https:\/\/roche-blanche-ecole.fr\/wp-content\/uploads\/2025\/01\/IMG_20250109_095347-272x182.jpg )\"\n\t\t\t\t\taria-labelledby=\"sow-carousel-id-7975\"\n\t\t\t\t\ttabindex=\"-1\"\n\t\t\t\t>\n\t\t\t\t\t<span class=\"overlay\"><\/span>\n\t\t\t\t<\/a>\n\t\t\t\t\t<\/div>\n\t\t<h3 class=\"sow-carousel-item-title\">\n\t\t\t<a\n\t\t\t\thref=\"https:\/\/roche-blanche-ecole.fr\/?p=7975\"\n\t\t\t\tid=\"sow-carousel-id-7975\"\n\t\t\t\t\t\t\t\ttabindex=\"-1\"\n\t\t\t>\n\n\t\t\t\tLes PS et les MS au cin\u00e9ma\t\t\t<\/a>\n\t\t<\/h3>\n\t<\/div>\n\t\t<div class=\"sow-carousel-item\" tabindex=\"-1\" style=\"float: left;\">\n\t\t<div class=\"sow-carousel-thumbnail\">\n\t\t\t\t\t\t\t<a\n\t\t\t\t\thref=\"https:\/\/roche-blanche-ecole.fr\/?p=7966\"\n\t\t\t\t\t\t\t\t\t\tstyle=\"background-image: url( https:\/\/roche-blanche-ecole.fr\/wp-content\/uploads\/2024\/12\/bateau-aimante-272x182.jpg )\"\n\t\t\t\t\taria-labelledby=\"sow-carousel-id-7966\"\n\t\t\t\t\ttabindex=\"-1\"\n\t\t\t\t>\n\t\t\t\t\t<span class=\"overlay\"><\/span>\n\t\t\t\t<\/a>\n\t\t\t\t\t<\/div>\n\t\t<h3 class=\"sow-carousel-item-title\">\n\t\t\t<a\n\t\t\t\thref=\"https:\/\/roche-blanche-ecole.fr\/?p=7966\"\n\t\t\t\tid=\"sow-carousel-id-7966\"\n\t\t\t\t\t\t\t\ttabindex=\"-1\"\n\t\t\t>\n\n\t\t\t\tD\u00e9fi GS-CP : Comment faire avancer un bateau sans le toucher ?\t\t\t<\/a>\n\t\t<\/h3>\n\t<\/div>\n\t\t<div class=\"sow-carousel-item\" tabindex=\"-1\" style=\"float: left;\">\n\t\t<div class=\"sow-carousel-thumbnail\">\n\t\t\t\t\t\t\t<a\n\t\t\t\t\thref=\"https:\/\/roche-blanche-ecole.fr\/?p=7962\"\n\t\t\t\t\t\t\t\t\t\tstyle=\"background-image: url( https:\/\/roche-blanche-ecole.fr\/wp-content\/uploads\/2024\/10\/FOG7-\u00a9Kri-Stinn-Photographie-2-272x182.jpg )\"\n\t\t\t\t\taria-labelledby=\"sow-carousel-id-7962\"\n\t\t\t\t\ttabindex=\"-1\"\n\t\t\t\t>\n\t\t\t\t\t<span class=\"overlay\"><\/span>\n\t\t\t\t<\/a>\n\t\t\t\t\t<\/div>\n\t\t<h3 class=\"sow-carousel-item-title\">\n\t\t\t<a\n\t\t\t\thref=\"https:\/\/roche-blanche-ecole.fr\/?p=7962\"\n\t\t\t\tid=\"sow-carousel-id-7962\"\n\t\t\t\t\t\t\t\ttabindex=\"-1\"\n\t\t\t>\n\n\t\t\t\tSpectacle \u00ab\u00a0Fille ou gar\u00e7on\u00a0\u00bb\t\t\t<\/a>\n\t\t<\/h3>\n\t<\/div>\n\t\t\t<\/div>\n\t\t\t<\/div>\n\n\t<\/div>\n\t\t<input type=\"hidden\" name=\"instance_hash\" value=\"1639ceca\"\/>\n\t<\/div>\n<\/div><\/div><\/div><\/div><\/div>","protected":false},"excerpt":{"rendered":"<p>Inscriptions Les derniers articles Les animaux de la banquise Une nouvelle rentr\u00e9e avec Calinours! Lecture d&rsquo;histoires anim\u00e9es Visite d&rsquo;une caserne de pompiers C\u00e9l\u00e9bration de P\u00e2ques autour de la lumi\u00e8re Comptine invent\u00e9e pour le carnaval! Ecole dehors pour les TPS\/PS\/MS Les PS et les MS au cin\u00e9ma D\u00e9fi GS-CP : Comment faire avancer un bateau sans<\/p>\n<p><a href=\"https:\/\/roche-blanche-ecole.fr\/\" class=\"more-link themebutton\">Read More<\/a><\/p>\n","protected":false},"author":1,"featured_media":0,"parent":0,"menu_order":0,"comment_status":"closed","ping_status":"closed","template":"","meta":{"ngg_post_thumbnail":0,"jetpack_post_was_ever_published":false,"footnotes":""},"jetpack_sharing_enabled":true,"jetpack_shortlink":"https:\/\/wp.me\/P9Fz6b-2","_links":{"self":[{"href":"https:\/\/roche-blanche-ecole.fr\/index.php?rest_route=\/wp\/v2\/pages\/2"}],"collection":[{"href":"https:\/\/roche-blanche-ecole.fr\/index.php?rest_route=\/wp\/v2\/pages"}],"about":[{"href":"https:\/\/roche-blanche-ecole.fr\/index.php?rest_route=\/wp\/v2\/types\/page"}],"author":[{"embeddable":true,"href":"https:\/\/roche-blanche-ecole.fr\/index.php?rest_route=\/wp\/v2\/users\/1"}],"replies":[{"embeddable":true,"href":"https:\/\/roche-blanche-ecole.fr\/index.php?rest_route=%2Fwp%2Fv2%2Fcomments&post=2"}],"version-history":[{"count":31,"href":"https:\/\/roche-blanche-ecole.fr\/index.php?rest_route=\/wp\/v2\/pages\/2\/revisions"}],"predecessor-version":[{"id":7991,"href":"https:\/\/roche-blanche-ecole.fr\/index.php?rest_route=\/wp\/v2\/pages\/2\/revisions\/7991"}],"wp:attachment":[{"href":"https:\/\/roche-blanche-ecole.fr\/index.php?rest_route=%2Fwp%2Fv2%2Fmedia&parent=2"}],"curies":[{"name":"wp","href":"https:\/\/api.w.org\/{rel}","templated":true}]}}