{"id":183,"date":"2015-06-10T19:48:13","date_gmt":"2015-06-10T18:48:13","guid":{"rendered":"https:\/\/roche-blanche-ecole.fr\/?page_id=183"},"modified":"2021-10-04T14:54:30","modified_gmt":"2021-10-04T13:54:30","slug":"reseau-ecoles-secteur","status":"publish","type":"page","link":"https:\/\/roche-blanche-ecole.fr\/?page_id=183","title":{"rendered":"R\u00e9seau \u00e9coles secteur"},"content":{"rendered":"<p>(A finir )<\/p>\n<p>CLE : Communaut\u00e9 Locale d&rsquo;Etablissements.<\/p>\n<p>La CLE regroupe les \u00e9coles primaires priv\u00e9es du secteur et le coll\u00e8ge St Joseph d&rsquo;Ancenis.<\/p>\n<p>Les \u00e9coles :<\/p>\n<p>&nbsp;<\/p>\n<p><a href=\"https:\/\/roche-blanche-ecole.fr\/?page_id=6670\">Les projets de la CL\u00c9<\/a><\/p>\n<p>&nbsp;<\/p>\n<p>&nbsp;<\/p>\n<p>&nbsp;<\/p>\n","protected":false},"excerpt":{"rendered":"<p>(A finir ) CLE : Communaut\u00e9 Locale d&rsquo;Etablissements. La CLE regroupe les \u00e9coles primaires priv\u00e9es du secteur et le coll\u00e8ge St Joseph d&rsquo;Ancenis. Les \u00e9coles : &nbsp; Les projets de la CL\u00c9 &nbsp; &nbsp; &nbsp;<\/p>\n","protected":false},"author":2,"featured_media":0,"parent":0,"menu_order":0,"comment_status":"closed","ping_status":"closed","template":"","meta":{"ngg_post_thumbnail":0,"jetpack_post_was_ever_published":false,"footnotes":""},"jetpack_sharing_enabled":true,"jetpack_shortlink":"https:\/\/wp.me\/P9Fz6b-2X","_links":{"self":[{"href":"https:\/\/roche-blanche-ecole.fr\/index.php?rest_route=\/wp\/v2\/pages\/183"}],"collection":[{"href":"https:\/\/roche-blanche-ecole.fr\/index.php?rest_route=\/wp\/v2\/pages"}],"about":[{"href":"https:\/\/roche-blanche-ecole.fr\/index.php?rest_route=\/wp\/v2\/types\/page"}],"author":[{"embeddable":true,"href":"https:\/\/roche-blanche-ecole.fr\/index.php?rest_route=\/wp\/v2\/users\/2"}],"replies":[{"embeddable":true,"href":"https:\/\/roche-blanche-ecole.fr\/index.php?rest_route=%2Fwp%2Fv2%2Fcomments&post=183"}],"version-history":[{"count":1,"href":"https:\/\/roche-blanche-ecole.fr\/index.php?rest_route=\/wp\/v2\/pages\/183\/revisions"}],"predecessor-version":[{"id":6674,"href":"https:\/\/roche-blanche-ecole.fr\/index.php?rest_route=\/wp\/v2\/pages\/183\/revisions\/6674"}],"wp:attachment":[{"href":"https:\/\/roche-blanche-ecole.fr\/index.php?rest_route=%2Fwp%2Fv2%2Fmedia&parent=183"}],"curies":[{"name":"wp","href":"https:\/\/api.w.org\/{rel}","templated":true}]}}