{"id":167,"date":"2015-06-10T17:47:30","date_gmt":"2015-06-10T16:47:30","guid":{"rendered":"https:\/\/roche-blanche-ecole.fr\/?page_id=167"},"modified":"2015-06-10T21:16:39","modified_gmt":"2015-06-10T20:16:39","slug":"horaires","status":"publish","type":"page","link":"https:\/\/roche-blanche-ecole.fr\/?page_id=167","title":{"rendered":"Horaires"},"content":{"rendered":"<p>Jours de classe : Lundi , mardi, jeudi et vendredi.<\/p>\n<p>Horaires :<\/p>\n<p>Accueil matin de 8h35 \u00e0 8h45 \u00a0(dans les classes)<\/p>\n<p>D\u00e9but des cours : 8h45 jusqu&rsquo;\u00e0 12h00<\/p>\n<p>Pause m\u00e9ridienne : 12h00-13h30<\/p>\n<p>Accueil midi : 13h20 &#8211; 13h30 ( cour de r\u00e9cr\u00e9ation )<\/p>\n<p>Cours : de 13h30 \u00e0 16h30<\/p>\n<p>&nbsp;<\/p>\n<p>La cantine et la p\u00e9riscolaire sont g\u00e9r\u00e9es par la municipalit\u00e9 .<\/p>\n<p>Mairie de Roche Blanche : 02 40 98 41 12<\/p>\n<p>Site Internet<\/p>\n<p><a href=\"http:\/\/www.larocheblanche.fr\/\">http:\/\/www.larocheblanche.fr\/<\/a><\/p>\n<p>&nbsp;<\/p>\n<p>&nbsp;<\/p>\n<p>&nbsp;<\/p>\n","protected":false},"excerpt":{"rendered":"<p>Jours de classe : Lundi , mardi, jeudi et vendredi. Horaires : Accueil matin de 8h35 \u00e0 8h45 \u00a0(dans les classes) D\u00e9but des cours : 8h45 jusqu&rsquo;\u00e0 12h00 Pause m\u00e9ridienne : 12h00-13h30 Accueil midi : 13h20 &#8211; 13h30 ( cour de r\u00e9cr\u00e9ation ) Cours : de 13h30 \u00e0 16h30 &nbsp; La cantine et la p\u00e9riscolaire<\/p>\n<p><a href=\"https:\/\/roche-blanche-ecole.fr\/?page_id=167\" class=\"more-link themebutton\">Read More<\/a><\/p>\n","protected":false},"author":2,"featured_media":0,"parent":0,"menu_order":0,"comment_status":"closed","ping_status":"closed","template":"","meta":{"ngg_post_thumbnail":0,"jetpack_post_was_ever_published":false,"footnotes":""},"jetpack_sharing_enabled":true,"jetpack_shortlink":"https:\/\/wp.me\/P9Fz6b-2H","_links":{"self":[{"href":"https:\/\/roche-blanche-ecole.fr\/index.php?rest_route=\/wp\/v2\/pages\/167"}],"collection":[{"href":"https:\/\/roche-blanche-ecole.fr\/index.php?rest_route=\/wp\/v2\/pages"}],"about":[{"href":"https:\/\/roche-blanche-ecole.fr\/index.php?rest_route=\/wp\/v2\/types\/page"}],"author":[{"embeddable":true,"href":"https:\/\/roche-blanche-ecole.fr\/index.php?rest_route=\/wp\/v2\/users\/2"}],"replies":[{"embeddable":true,"href":"https:\/\/roche-blanche-ecole.fr\/index.php?rest_route=%2Fwp%2Fv2%2Fcomments&post=167"}],"version-history":[{"count":0,"href":"https:\/\/roche-blanche-ecole.fr\/index.php?rest_route=\/wp\/v2\/pages\/167\/revisions"}],"wp:attachment":[{"href":"https:\/\/roche-blanche-ecole.fr\/index.php?rest_route=%2Fwp%2Fv2%2Fmedia&parent=167"}],"curies":[{"name":"wp","href":"https:\/\/api.w.org\/{rel}","templated":true}]}}