{"id":133,"date":"2015-06-08T15:44:35","date_gmt":"2015-06-08T14:44:35","guid":{"rendered":"https:\/\/roche-blanche-ecole.fr\/?page_id=133"},"modified":"2023-12-19T16:55:44","modified_gmt":"2023-12-19T15:55:44","slug":"equipe-educative","status":"publish","type":"page","link":"https:\/\/roche-blanche-ecole.fr\/?page_id=133","title":{"rendered":"\u00c9quipe \u00e9ducative"},"content":{"rendered":"<p><strong>L&rsquo;\u00e9quipe \u00e9ducative de l&rsquo;ann\u00e9e 2023-2024 :<\/strong><\/p>\n<p><strong><a href=\"https:\/\/roche-blanche-ecole.fr\/?attachment_id=7606#main\" rel=\"attachment wp-att-7606\"><img loading=\"lazy\" decoding=\"async\" class=\"alignnone  wp-image-7606\" src=\"https:\/\/roche-blanche-ecole.fr\/wp-content\/uploads\/2023\/12\/Trombinoscope-equipe-300x212.jpg\" alt=\"\" width=\"628\" height=\"444\" srcset=\"https:\/\/roche-blanche-ecole.fr\/wp-content\/uploads\/2023\/12\/Trombinoscope-equipe-300x212.jpg 300w, https:\/\/roche-blanche-ecole.fr\/wp-content\/uploads\/2023\/12\/Trombinoscope-equipe-1024x724.jpg 1024w, https:\/\/roche-blanche-ecole.fr\/wp-content\/uploads\/2023\/12\/Trombinoscope-equipe-768x543.jpg 768w, https:\/\/roche-blanche-ecole.fr\/wp-content\/uploads\/2023\/12\/Trombinoscope-equipe-1536x1086.jpg 1536w, https:\/\/roche-blanche-ecole.fr\/wp-content\/uploads\/2023\/12\/Trombinoscope-equipe.jpg 2000w\" sizes=\"(max-width: 628px) 100vw, 628px\" \/><\/a><\/strong><\/p>\n","protected":false},"excerpt":{"rendered":"<p>L&rsquo;\u00e9quipe \u00e9ducative de l&rsquo;ann\u00e9e 2023-2024 :<\/p>\n","protected":false},"author":2,"featured_media":0,"parent":0,"menu_order":0,"comment_status":"closed","ping_status":"closed","template":"","meta":{"ngg_post_thumbnail":0,"jetpack_post_was_ever_published":false,"footnotes":""},"jetpack_sharing_enabled":true,"jetpack_shortlink":"https:\/\/wp.me\/P9Fz6b-29","_links":{"self":[{"href":"https:\/\/roche-blanche-ecole.fr\/index.php?rest_route=\/wp\/v2\/pages\/133"}],"collection":[{"href":"https:\/\/roche-blanche-ecole.fr\/index.php?rest_route=\/wp\/v2\/pages"}],"about":[{"href":"https:\/\/roche-blanche-ecole.fr\/index.php?rest_route=\/wp\/v2\/types\/page"}],"author":[{"embeddable":true,"href":"https:\/\/roche-blanche-ecole.fr\/index.php?rest_route=\/wp\/v2\/users\/2"}],"replies":[{"embeddable":true,"href":"https:\/\/roche-blanche-ecole.fr\/index.php?rest_route=%2Fwp%2Fv2%2Fcomments&post=133"}],"version-history":[{"count":4,"href":"https:\/\/roche-blanche-ecole.fr\/index.php?rest_route=\/wp\/v2\/pages\/133\/revisions"}],"predecessor-version":[{"id":7607,"href":"https:\/\/roche-blanche-ecole.fr\/index.php?rest_route=\/wp\/v2\/pages\/133\/revisions\/7607"}],"wp:attachment":[{"href":"https:\/\/roche-blanche-ecole.fr\/index.php?rest_route=%2Fwp%2Fv2%2Fmedia&parent=133"}],"curies":[{"name":"wp","href":"https:\/\/api.w.org\/{rel}","templated":true}]}}